{"id":1322,"date":"2021-10-13T10:45:59","date_gmt":"2021-10-13T08:45:59","guid":{"rendered":"https:\/\/www.giovannimerola.at\/datenschutzerklaerung\/"},"modified":"2024-11-25T11:08:33","modified_gmt":"2024-11-25T10:08:33","slug":"datenschutzerklaerung","status":"publish","type":"page","link":"https:\/\/www.giovannimerola.at\/it\/datenschutzerklaerung\/","title":{"rendered":"Politica sulla privacy"},"content":{"rendered":"<div class=\"spacer spacer-small\"><\/div><div class=\"wrapper\"><div id=\"\" class=\"column-section clearfix spaced-normal \"><div  class=\"column one-third  \" >\n<p><strong>Website<\/strong><br \/>\nwww.giovannimerola.at<\/p>\n<div class=\"spacer spacer-small\"><\/div><\/div><div  class=\"column two-third last-col \" >\n<p><strong>Erkl\u00e4rung zur Informationspflicht<\/strong><br \/>\nDer Schutz Ihrer pers\u00f6nlichen Daten ist uns ein besonderes Anliegen. Wir verarbeiten Ihre Daten daher ausschlie\u00dflich auf Grundlage der gesetzlichen Bestimmungen (DSGVO, TKG 2003). In diesen Datenschutzinformationen informieren wir Sie \u00fcber die wichtigsten Aspekte der Datenverarbeitung im Rahmen unserer Website.<\/p>\n<p><strong>Kontakt mit uns<\/strong><br \/>\nWenn Sie per Formular auf der Website oder per E-Mail Kontakt mit uns aufnehmen, werden Ihre angegebenen Daten zwecks Bearbeitung der Anfrage und f\u00fcr den Fall von Anschlussfragen sechs Monate bei uns gespeichert. Diese Daten geben wir nicht ohne Ihre Einwilligung weiter.<br \/>\nWenn Sie uns \u00fcber unser Kontaktformular eine Nachricht senden, k\u00f6nnen Sie anstatt Ihres richtigen Vornamen und Namen auch ein Pseudonym verwenden.<br \/>\nDie Eingabe einer E-Mail Adresse von Ihnen ist notwendig, um uns zu erm\u00f6glichen mit Ihnen per e-Mail in Kontakt treten zu k\u00f6nnen.<\/p>\n<p><strong>Cookies<\/strong><br \/>\n<a href=\"#\">Konfigurationsbox \u00f6ffnen<\/a><\/p>\n<div class=\"ccm-cookie-declaration\">Bitte aktivieren Sie Javascript, um die Liste aller deklarierten Cookies und \u00e4hnlicher Techniken zu sehen.<\/div>\n<p><strong>SSL-Verschl\u00fcsselung<\/strong><br \/>\nUm Ihre \u00fcbermittelten Daten bestm\u00f6glich zu sch\u00fctzen verwendet unsere Website https. Sie erkennen derart verschl\u00fcsselte Verbindungen an dem Pr\u00e4fix \u201chttps:\/\/\u201c im Seitenlink in der Adresszeile Ihres Browsers. Unverschl\u00fcsselte Seite sind durch \u201ehttp:\/\/\u201c gekennzeichnet.<br \/>\nS\u00e4mtliche Daten, welche Sie an diese Website \u00fcbermitteln \u2013 etwa bei Anfragen oder Logins \u2013 k\u00f6nnen dank SSL-Verschl\u00fcsselung nicht von Dritten gelesen werden.<\/p>\n<p><strong>Web-Fonts<\/strong><br \/>\nAuf diesen Internetseiten werden externe Schriften von Google Fonts verwendet. Google Fonts ist ein Dienst der Firma Google Inc. (1600 Amphitheatre Parkway Mountain View, CA 94043, USA). Die Einbindung dieser Web Fonts erfolgt durch einen Serveraufruf, in der Regel ein Server von Google in den USA. Hierdurch wird an den Server \u00fcbermittelt, welche unserer Internetseiten Sie besucht haben. Auch wird die IP-Adresse des Browsers des Endger\u00e4tes des Besuchers dieser Internetseiten von Google gespeichert.<br \/>\nN\u00e4here Informationen finden Sie in den Datenschutzhinweisen von Google, die Sie hier abrufen k\u00f6nnen: <a href=\"https:\/\/policies.google.com\/privacy?hl=de\" target=\"_blank\" rel=\"noopener noreferrer\">https:\/\/policies.google.com\/privacy?hl=de<\/a><br \/>\nLink zu Google Fonts: <a href=\"https:\/\/fonts.google.com\/#AboutPlace:about\" target=\"_blank\" rel=\"noopener noreferrer\">https:\/\/fonts.google.com\/#AboutPlace:about<\/a><\/p>\n<p><strong>Google Analytics<\/strong><br \/>\nDiese Seite verwendet Google Analytics von Google Inc. (1600 Amphitheatre Pkwy, Mountain View, CA 94043-1351, USA). Google Analytics ist ein Dienst zur Erhebung, Sammlung und Auswertung von Daten \u00fcber das Verhalten von Besuchern von Internetseiten. Google nutzt die gewonnenen Daten und Informationen unter anderem dazu, die Nutzung unserer Internetseite auszuwerten und um weitere mit der Nutzung unserer Internetseite in Verbindung stehende Dienstleistungen zu erbringen.<br \/>\nGoogle Analytics setzt ein Cookie. Mit Setzung des Cookies wird Google eine Analyse der Benutzung unserer Internetseite erm\u00f6glicht. Durch diesen Cookie wird der Internetbrowser veranlasst, Daten zum Zwecke der Online-Analyse an Google zu \u00fcbermitteln. Im Rahmen dieses technischen Verfahrens erh\u00e4lt Google Kenntnis \u00fcber personenbezogene Daten, wie der IP-Adresse der betroffenen Person, die Google unter anderem dazu dienen, die Herkunft der Besucher und Klicks nachzuvollziehen und in der Folge Provisionsabrechnungen zu erm\u00f6glichen.<br \/>\nWir verwenden f\u00fcr die Web-Analyse \u00fcber Google Analytics den Zusatz \u201cga(\u2018set\u2019, \u2018anonymizeIp\u2019, true);\u201d Mittels dieses Zusatzes wird die IP-Adresse von Google gek\u00fcrzt und anonymisiert.<br \/>\nWeitere Informationen finden Sie unter <a href=\"https:\/\/www.google.com\/intl\/de_de\/analytics\/\">https:\/\/www.google.com\/intl\/de_de\/analytics\/<\/a> und <a href=\"https:\/\/www.google.de\/intl\/de\/policies\/privacy\/\">https:\/\/www.google.de\/intl\/de\/policies\/privacy\/<\/a>. Wenn Sie dieser Datenverarbeitung widersprechen wollen, kontaktieren Sie uns bitte f\u00fcr weitere Informationen.<\/p>\n<p><strong>Google Maps<\/strong><br \/>\nUnsere Website verwendet auf einigen Seiten Google Maps API, um geographische Informationen visuell darzustellen. Google Maps ist ein Dienst der Firma Google Inc. (1600 Amphitheatre Parkway Mountain View, CA 94043, USA). Bei der Nutzung von Google Maps werden von Google auch Daten \u00fcber die Nutzung der Maps-Funktionen durch Besucher der Webseiten erhoben, verarbeitet und genutzt.<br \/>\nNutzungsbedingungen Google Maps: <a href=\"https:\/\/www.google.com\/intl\/de_de\/help\/terms_maps.html\" target=\"_blank\" rel=\"noopener noreferrer\">https:\/\/www.google.com\/intl\/de_de\/help\/terms_maps.html<\/a><\/p>\n<p>WEITERE INFOS ZU GOOGLE<br \/>\nN\u00e4here Informationen \u00fcber die Datenverarbeitung durch Google k\u00f6nnen Sie den Datenschutzhinweisen von Google entnehmen: <a href=\"https:\/\/policies.google.com\/privacy?hl=de\" target=\"_blank\" rel=\"noopener noreferrer\">https:\/\/policies.google.com\/privacy?hl=de<\/a><br \/>\nDort k\u00f6nnen Sie im Datenschutzcenter auch Ihre Einstellungen ver\u00e4ndern, so dass Sie Ihre Daten verwalten und sch\u00fctzen k\u00f6nnen. Weitergehende Anleitungen zum Verwalten der eigenen Daten im Zusammenhang mit Google-Produkten finden Sie auf der von Google betriebenen Seite:<br \/>\n<a href=\"https:\/\/support.google.com\/analytics\/answer\/6004245?hl=de\" target=\"_blank\" rel=\"noopener noreferrer\">https:\/\/support.google.com\/analytics\/answer\/6004245?hl=de<\/a><\/p>\n<p><strong>Ihre Rechte<\/strong><br \/>\nIhnen stehen grunds\u00e4tzlich die Rechte auf Auskunft, Berichtigung, L\u00f6schung, Einschr\u00e4nkung, Daten\u00fcbertragbarkeit, Widerruf und Widerspruch zu. Wenn Sie glauben, dass die Verarbeitung Ihrer Daten gegen das Datenschutzrecht verst\u00f6\u00dft oder Ihre datenschutzrechtlichen Anspr\u00fcche sonst in einer Weise verletzt worden sind, k\u00f6nnen Sie sich bei der Aufsichtsbeh\u00f6rde beschweren. In \u00d6sterreich ist dies die Datenschutzbeh\u00f6rde.<\/p>\n<p><strong>Sie erreichen uns unter folgenden Kontaktdaten<\/strong><\/p>\n<p>Mag. phil. Giovanni Merola<strong><br \/>\n<\/strong>Rotadlerstra\u00dfe. 4<br \/>\n6020 Innsbruck, Austria<br \/>\n<a href=\"mailto:giovanni.merola@gmx.at\">giovanni.merola@gmx.at<\/a><br \/>\n<a href=\"https:\/\/www.giovannimerola.at\">www.giovannimerola.at<\/a><\/p>\n<\/div><\/div><\/div><div class=\"spacer spacer-big\"><\/div><div class=\"spacer spacer-medium\"><\/div>\n","protected":false},"excerpt":{"rendered":"","protected":false},"author":1,"featured_media":0,"parent":0,"menu_order":0,"comment_status":"closed","ping_status":"closed","template":"","meta":{"footnotes":""},"class_list":["post-1322","page","type-page","status-publish","hentry"],"_links":{"self":[{"href":"https:\/\/www.giovannimerola.at\/it\/wp-json\/wp\/v2\/pages\/1322","targetHints":{"allow":["GET"]}}],"collection":[{"href":"https:\/\/www.giovannimerola.at\/it\/wp-json\/wp\/v2\/pages"}],"about":[{"href":"https:\/\/www.giovannimerola.at\/it\/wp-json\/wp\/v2\/types\/page"}],"author":[{"embeddable":true,"href":"https:\/\/www.giovannimerola.at\/it\/wp-json\/wp\/v2\/users\/1"}],"replies":[{"embeddable":true,"href":"https:\/\/www.giovannimerola.at\/it\/wp-json\/wp\/v2\/comments?post=1322"}],"version-history":[{"count":4,"href":"https:\/\/www.giovannimerola.at\/it\/wp-json\/wp\/v2\/pages\/1322\/revisions"}],"predecessor-version":[{"id":2482,"href":"https:\/\/www.giovannimerola.at\/it\/wp-json\/wp\/v2\/pages\/1322\/revisions\/2482"}],"wp:attachment":[{"href":"https:\/\/www.giovannimerola.at\/it\/wp-json\/wp\/v2\/media?parent=1322"}],"curies":[{"name":"wp","href":"https:\/\/api.w.org\/{rel}","templated":true}]}}