{"id":1333,"date":"2021-11-08T15:46:00","date_gmt":"2021-11-08T14:46:00","guid":{"rendered":"https:\/\/www.giovannimerola.at\/kontakt\/"},"modified":"2022-04-05T17:46:39","modified_gmt":"2022-04-05T15:46:39","slug":"kontakt","status":"publish","type":"page","link":"https:\/\/www.giovannimerola.at\/de\/kontakt\/","title":{"rendered":"Contact"},"content":{"rendered":"<div class=\"spacer spacer-small\"><\/div><div class=\"wrapper\"><div id=\"\" class=\"column-section clearfix spaced-normal \"><div  class=\"column one-full last-col \" >\n<h3>Mag. phil. Giovanni Merola<\/h3>\n<p>Rotadlerstra\u00dfe. 4<br \/>\n6020 Innsbruck<br \/>\nAustria<\/p>\n<div class=\"spacer spacer-small\"><\/div>\n<a href=\"mailto:giovanni.merola@gmx.at\" class=\"sr-button style-3 button-big\" target=\"_self\">giovanni.merola@gmx.at<\/a>\n<div class=\"spacer spacer-small\"><\/div>\n<a href=\"https:\/\/www.giovannimerola.at\" class=\"sr-button style-3 button-big\" target=\"_self\">www.giovannimerola.at<\/a>\n<\/div><\/div><\/div><div class=\"spacer spacer-big\"><\/div><div class=\"wrapper\"><div id=\"\" class=\"column-section clearfix spaced-normal \"><div  class=\"column one-full last-col \" >\n<hr \/>\n<div class=\"spacer spacer-medium\"><\/div>\n<h3><strong>Imprint<\/strong><\/h3>\n<div class=\"spacer spacer-medium\"><\/div><\/div><\/div><\/div><div class=\"wrapper\"><div id=\"\" class=\"column-section clearfix spaced-normal \"><div  class=\"column one-half  \" >\n<p>Information gem\u00e4\u00df \u00a7 5 E-Commerce-Gesetz und Offenlegung gem\u00e4\u00df \u00a7 25 Mediengesetz<\/p>\n<p><strong>Medieninhaber &amp; Herausgeber<br \/>\n<\/strong>Giovanni Merola<br \/>\nRotadlerstra\u00dfe. 4<br \/>\n6020 Innsbruck<br \/>\nAustria<\/p>\n<p><a href=\"mailto:giovanni.merola@gmx.at\">giovanni.merola@gmx.at<\/a><br \/>\n<a href=\"https:\/\/www.giovannimerola.at\">www.giovannimerola.at<\/a><\/p>\n<div class=\"spacer spacer-small\"><\/div>\n<p><strong>Unternehmensgegenstand<\/strong><br \/>\nKunst<\/p>\n<div class=\"spacer spacer-small\"><\/div>\n<p><strong>Fotos<\/strong><br \/>\nGiovanni Merola<\/p>\n<div class=\"spacer spacer-small\"><\/div>\n<p><strong>Website<br \/>\n<\/strong>Agentur Christian Reiter &amp; Partner<br \/>\n<a class=\"\" href=\"https:\/\/www.christianreiter.at\/\">www.christianreiter.at<\/a><\/p>\n<\/div><div  class=\"column one-half last-col \" >\n<p><strong>Urheberrechtshinweis<\/strong><br \/>\nDie in der Website enthaltenen Textbeitr\u00e4ge und Abbildungen sind urheberrechtlich gesch\u00fctzt. Das Copyright liegt bei\u00a0Giovanni Merola, den Fotografen bzw. Illustratoren. Alle Teile der Website unterliegen dem Copyright und sind urheberrechtlich gesch\u00fctzt. Jede Verwertung bedarf der schriftlichen Zustimmung von Giovanni Merola.<\/p>\n<div class=\"spacer spacer-small\"><\/div>\n<p><strong>Haftungsausschluss<\/strong><br \/>\nTrotz sorgf\u00e4ltiger inhaltlicher Kontrolle \u00fcbernehmen wir keine Haftung f\u00fcr die Inhalte externer Links. F\u00fcr den Inhalt der verlinkten Seiten sind ausschlie\u00dflich deren Betreiber selbst verantwortlich.<\/p>\n<div class=\"spacer spacer-small\"><\/div>\n<p><strong>Datenschutzerkl\u00e4rung<\/strong><\/p>\n<div class=\"spacer spacer-mini\"><\/div>\n<a href=\"https:\/\/www.giovannimerola.at\/datenschutzerklaerung\/\" class=\"sr-button style-3 button-big\" >Datenschutzerkl\u00e4rung<\/a>\n<\/div><\/div><\/div><div class=\"spacer spacer-big\"><\/div><div class=\"spacer spacer-big\"><\/div>\n","protected":false},"excerpt":{"rendered":"","protected":false},"author":1,"featured_media":0,"parent":0,"menu_order":0,"comment_status":"closed","ping_status":"closed","template":"","meta":{"footnotes":""},"class_list":["post-1333","page","type-page","status-publish","hentry"],"_links":{"self":[{"href":"https:\/\/www.giovannimerola.at\/de\/wp-json\/wp\/v2\/pages\/1333","targetHints":{"allow":["GET"]}}],"collection":[{"href":"https:\/\/www.giovannimerola.at\/de\/wp-json\/wp\/v2\/pages"}],"about":[{"href":"https:\/\/www.giovannimerola.at\/de\/wp-json\/wp\/v2\/types\/page"}],"author":[{"embeddable":true,"href":"https:\/\/www.giovannimerola.at\/de\/wp-json\/wp\/v2\/users\/1"}],"replies":[{"embeddable":true,"href":"https:\/\/www.giovannimerola.at\/de\/wp-json\/wp\/v2\/comments?post=1333"}],"version-history":[{"count":5,"href":"https:\/\/www.giovannimerola.at\/de\/wp-json\/wp\/v2\/pages\/1333\/revisions"}],"predecessor-version":[{"id":1942,"href":"https:\/\/www.giovannimerola.at\/de\/wp-json\/wp\/v2\/pages\/1333\/revisions\/1942"}],"wp:attachment":[{"href":"https:\/\/www.giovannimerola.at\/de\/wp-json\/wp\/v2\/media?parent=1333"}],"curies":[{"name":"wp","href":"https:\/\/api.w.org\/{rel}","templated":true}]}}